{"id":45,"date":"2022-07-28T21:10:14","date_gmt":"2022-07-28T21:10:14","guid":{"rendered":"https:\/\/erbu.romaedu.org\/?page_id=45"},"modified":"2023-10-01T17:48:41","modified_gmt":"2023-10-01T17:48:41","slug":"next","status":"publish","type":"page","link":"https:\/\/erbu.org\/?page_id=45","title":{"rendered":"N\u00e4chste Schritte"},"content":{"rendered":"\n<p>Findung eines gemeinsamen Online Termins f\u00fcr 2024 f\u00fcr den I. ERBU Medien Kongress!<\/p>\n\n\n\n<ul>\n<li>Doodle Link 1 zum Termin: <em>Online Event Gr\u00fcndung und Abstimmung (bis ende 2023)<\/em><\/li>\n\n\n\n<li>Doodle Link 2 zum Termin: <em>Arbeitsgruppe f\u00fcr die Satzung der &#8222;European Roma Broadcasting Union&#8220;<\/em><\/li>\n\n\n\n<li>Die <strong>Arbeitsgruppe beginnt ab 1. <\/strong>Januar und trifft sich Online so oft sie m\u00f6chte und will, um die Satzung f\u00fcr den Gr\u00fcndungstermin vorzubereiten. <\/li>\n\n\n\n<li>Die vorbereitete Satzung wird jedem Jeder per Email zu gestellt die bis zu dem Datum [zwei Wochen vor Abstimmungstermin auf dem Online Event] beigetreten sind. <\/li>\n\n\n\n<li>Wer die Satzung vor der Gr\u00fcndung erh\u00e4lt, hat die M\u00f6glichkeit mit Onlineformular \u00c4nderungsw\u00fcnsche zu formulieren. Alle \u00c4nderungsw\u00fcnsche werden auf ERBU.org publiziert. \u00c4nderungsw\u00fcnsche m\u00fcssen von 5% der Mitglieder (mind. 3 unterschiedlichen oder 5 selben Medien) unterst\u00fctzt werden um Sie zur Wahl auf dem Gr\u00fcndungsevent zu stellen.<\/li>\n\n\n\n<li>Danach ist ein Beitreten erst nach der Abstimmung, zu den Regeln der Satzung m\u00f6glich.<\/li>\n<\/ul>\n\n\n\n<p><\/p>\n","protected":false},"excerpt":{"rendered":"<p>Findung eines gemeinsamen Online Termins f\u00fcr 2024 f\u00fcr den I. ERBU Medien Kongress!<\/p>\n","protected":false},"author":2,"featured_media":0,"parent":0,"menu_order":0,"comment_status":"closed","ping_status":"closed","template":"","meta":{"footnotes":""},"_links":{"self":[{"href":"https:\/\/erbu.org\/index.php?rest_route=\/wp\/v2\/pages\/45"}],"collection":[{"href":"https:\/\/erbu.org\/index.php?rest_route=\/wp\/v2\/pages"}],"about":[{"href":"https:\/\/erbu.org\/index.php?rest_route=\/wp\/v2\/types\/page"}],"author":[{"embeddable":true,"href":"https:\/\/erbu.org\/index.php?rest_route=\/wp\/v2\/users\/2"}],"replies":[{"embeddable":true,"href":"https:\/\/erbu.org\/index.php?rest_route=%2Fwp%2Fv2%2Fcomments&post=45"}],"version-history":[{"count":1,"href":"https:\/\/erbu.org\/index.php?rest_route=\/wp\/v2\/pages\/45\/revisions"}],"predecessor-version":[{"id":135,"href":"https:\/\/erbu.org\/index.php?rest_route=\/wp\/v2\/pages\/45\/revisions\/135"}],"wp:attachment":[{"href":"https:\/\/erbu.org\/index.php?rest_route=%2Fwp%2Fv2%2Fmedia&parent=45"}],"curies":[{"name":"wp","href":"https:\/\/api.w.org\/{rel}","templated":true}]}}