{"id":65,"date":"2021-01-16T20:49:38","date_gmt":"2021-01-16T20:49:38","guid":{"rendered":"http:\/\/erbu.romaedu.org\/?page_id=2"},"modified":"2021-01-16T20:49:38","modified_gmt":"2021-01-16T20:49:38","slug":"idee","status":"publish","type":"page","link":"https:\/\/erbu.org\/","title":{"rendered":"Die Idee dahinter"},"content":{"rendered":"\n<h2 class=\"wp-block-heading\">Anfang:<\/h2>\n\n\n\n<p><a href=\"https:\/\/rom.news\" data-type=\"URL\" data-id=\"https:\/\/rom.news\">Rom.News<\/a> vom \u201c<a href=\"https:\/\/ngo.romaedu.org\" data-type=\"URL\" data-id=\"https:\/\/ngo.romaedu.org\">Bildungsverein der Roma zu Hamburg e.V.<\/a>\u201d und <a href=\"https:\/\/knudsen.romaedu.org\" data-type=\"URL\" data-id=\"https:\/\/knudsen.romaedu.org\">Marko D. Knudsen<\/a> haben eine Initiative gestartet die sich an Roma Medien in TV, Radio, Print and Online wendet.  Alle sind eingeladen sich anzumelden um gemeinsam die Satzung zu erarbeiten und die Online Gr\u00fcndungsveranstaltung durchzuf\u00fchren<\/p>\n\n\n\n<h2 class=\"wp-block-heading\">Ab sofort suchen wir zwei gemeinsame Termine auf Doodle<\/h2>\n\n\n\n<ol><li>Beginn der Arbeitsgruppe<\/li><li>Online Abstimmung \u00fcber die Satzung und Gr\u00fcndung<\/li><\/ol>\n\n\n\n<p>Die Links und Passw\u00f6rter bekommt ihr nach der <a href=\"https:\/\/romacitizencenter.org\/beirtritt-formular-die-european-roma-broadcasting-union\/\" data-type=\"URL\" data-id=\"https:\/\/romacitizencenter.org\/beirtritt-formular-die-european-roma-broadcasting-union\/\">Anmeldung<\/a>.<\/p>\n\n\n\n<h2 class=\"wp-block-heading\">Ab dem 1. September<\/h2>\n\n\n\n<ul><li>Die&nbsp;<strong>Arbeitsgruppe beginnt ab 1. September<\/strong>&nbsp;und trifft sich Online so oft sie m\u00f6chte und will, um die Satzung f\u00fcr den Gr\u00fcndungstermin vorzubereiten.<\/li><li>Die vorbereitete Satzung wird jedem Jeder per Email zu gestellt die bis zu dem Datum [zwei Wochen vor Abstimmungstermin auf dem Online Event] beigetreten sind.<\/li><li>Wer die Satzung vor der Gr\u00fcndung erh\u00e4lt, hat die M\u00f6glichkeit mit Onlineformular \u00c4nderungsw\u00fcnsche zu formulieren. Alle \u00c4nderungsw\u00fcnsche werden auf ERBU.org publiziert. \u00c4nderungsw\u00fcnsche m\u00fcssen von 5% der Mitglieder (mind. 3 unterschiedlichen oder 5 selben Medien) unterst\u00fctzt werden um Sie zur Wahl auf dem Gr\u00fcndungsevent zu stellen.<\/li><li>Danach ist ein Beitreten erst nach der Abstimmung, zu den Regeln der Satzung m\u00f6glich.<\/li><\/ul>\n\n\n\n<h2 class=\"wp-block-heading\">Zur Arbeit der Arbeitsgruppe<\/h2>\n\n\n\n<ul><li>Mitglieder k\u00f6nnen sich der Gruppe anschlie\u00dfen die  Gr\u00fcndungsveranstaltung die Satzung erarbeitet.<\/li><li><a href=\"https:\/\/romacitizencenter.org\/beirtritt-formular-die-european-roma-broadcasting-union\/\">Formular zum Beitritt in den Prozess zur Gr\u00fcndung der European Roma Broadcasting Union. <\/a><\/li><li>Dokumente wie die Satzung und  die Planung der Online Veranstaltung zur Gr\u00fcndung werden von dieser Gruppe erarbeitet.<\/li><li>Grundlagen zur Arbeit sind ein professionelles System wie &#8222;Zoom&#8220;, welches sogar noch mehr M\u00f6glichkeiten und Funktionen bietet.<\/li><li>Ebenso werden geschlossene facebook gruppen verwendet.<\/li><li>Grundlegende Spachen: Romanes, Deutsch und English. Weitere sprachen k\u00f6nnen m\u00f6glich sein wenn sich \u00dcbersetzer daf\u00fcr finden. <\/li><li>Die Arbeitsgruppe, hat bis zur Satzung die Aufgabe den demokratischen und fairen Prozess zu garantieren. <\/li><li>Die Finale Satzung, wird Online \u00dcbersetzt in die Sprache mit dem Sitz der Mitglied Medien.<\/li><\/ul>\n\n\n\n<h2 class=\"wp-block-heading\">Ziele<\/h2>\n\n\n\n<ul><li>Professionalit\u00e4t und Unabh\u00e4ngigkeit<\/li><li>Teilen von Inhalten untereinander<\/li><li>Gemeinsame Stimme und Position gegen\u00fcber Gadje Medien<\/li><li>Mitgliedschaft bei der European Broadcasting Union<\/li><li>Informationen f\u00fcr die Roma Nation<\/li><li>Information f\u00fcr Gadje \u00fcber Roma, Geschichte und Antiziganismus<\/li><li>St\u00e4rkung der positiven Roma Identit\u00e4t<\/li><\/ul>\n","protected":false},"excerpt":{"rendered":"<p>Anfang: Rom.News vom \u201cBildungsverein der Roma zu Hamburg e.V.\u201d und Marko D. Knudsen haben eine Initiative gestartet die sich an Roma Medien in TV, Radio, Print and Online wendet. Alle sind eingeladen sich anzumelden um gemeinsam die Satzung zu erarbeiten und die Online Gr\u00fcndungsveranstaltung durchzuf\u00fchren Ab sofort suchen wir zwei gemeinsame Termine auf Doodle Beginn der Arbeitsgruppe Online Abstimmung \u00fcber die Satzung und Gr\u00fcndung Die Links und Passw\u00f6rter bekommt ihr nach der Anmeldung. Ab dem 1. September Die&nbsp;Arbeitsgruppe beginnt ab 1. September&nbsp;und trifft sich Online so oft sie m\u00f6chte und will, um die Satzung f\u00fcr den Gr\u00fcndungstermin vorzubereiten. Die vorbereitete Satzung wird jedem Jeder per Email zu gestellt die bis zu dem Datum [zwei Wochen vor Abstimmungstermin auf dem Online Event] beigetreten sind. Wer die Satzung vor der Gr\u00fcndung erh\u00e4lt, hat die M\u00f6glichkeit mit Onlineformular \u00c4nderungsw\u00fcnsche zu formulieren. Alle \u00c4nderungsw\u00fcnsche werden auf ERBU.org publiziert. \u00c4nderungsw\u00fcnsche m\u00fcssen von 5% der Mitglieder (mind. 3 unterschiedlichen oder 5 selben Medien) unterst\u00fctzt werden um Sie zur Wahl auf dem Gr\u00fcndungsevent zu stellen. Danach ist ein Beitreten erst nach der Abstimmung, zu den Regeln der Satzung m\u00f6glich. Zur Arbeit der Arbeitsgruppe Mitglieder k\u00f6nnen sich der Gruppe anschlie\u00dfen die Gr\u00fcndungsveranstaltung die Satzung erarbeitet. Formular zum Beitritt in den Prozess zur Gr\u00fcndung der European Roma Broadcasting Union. Dokumente wie die Satzung und die Planung der Online Veranstaltung zur Gr\u00fcndung werden von dieser Gruppe erarbeitet. Grundlagen zur Arbeit sind ein professionelles System wie &#8222;Zoom&#8220;, welches sogar noch mehr M\u00f6glichkeiten und Funktionen bietet. Ebenso werden geschlossene facebook gruppen verwendet. Grundlegende Spachen: Romanes, Deutsch und English. Weitere sprachen k\u00f6nnen m\u00f6glich sein wenn sich \u00dcbersetzer daf\u00fcr finden. Die Arbeitsgruppe, hat bis zur Satzung die Aufgabe den demokratischen und fairen Prozess zu garantieren. Die Finale Satzung, wird Online \u00dcbersetzt in die Sprache mit dem Sitz der Mitglied Medien. Ziele Professionalit\u00e4t und Unabh\u00e4ngigkeit Teilen von Inhalten untereinander Gemeinsame Stimme und Position gegen\u00fcber Gadje Medien Mitgliedschaft bei der European Broadcasting Union Informationen f\u00fcr die Roma Nation Information f\u00fcr Gadje \u00fcber Roma, Geschichte und Antiziganismus St\u00e4rkung der positiven Roma Identit\u00e4t<\/p>\n","protected":false},"author":2,"featured_media":16,"parent":0,"menu_order":0,"comment_status":"closed","ping_status":"open","template":"","meta":{"footnotes":""},"_links":{"self":[{"href":"https:\/\/erbu.org\/index.php?rest_route=\/wp\/v2\/pages\/65"}],"collection":[{"href":"https:\/\/erbu.org\/index.php?rest_route=\/wp\/v2\/pages"}],"about":[{"href":"https:\/\/erbu.org\/index.php?rest_route=\/wp\/v2\/types\/page"}],"author":[{"embeddable":true,"href":"https:\/\/erbu.org\/index.php?rest_route=\/wp\/v2\/users\/2"}],"replies":[{"embeddable":true,"href":"https:\/\/erbu.org\/index.php?rest_route=%2Fwp%2Fv2%2Fcomments&post=65"}],"version-history":[{"count":0,"href":"https:\/\/erbu.org\/index.php?rest_route=\/wp\/v2\/pages\/65\/revisions"}],"wp:featuredmedia":[{"embeddable":true,"href":"https:\/\/erbu.org\/index.php?rest_route=\/wp\/v2\/media\/16"}],"wp:attachment":[{"href":"https:\/\/erbu.org\/index.php?rest_route=%2Fwp%2Fv2%2Fmedia&parent=65"}],"curies":[{"name":"wp","href":"https:\/\/api.w.org\/{rel}","templated":true}]}}